{"id":1315182,"date":"2023-09-22T15:23:06","date_gmt":"2023-09-22T13:20:12","guid":{"rendered":"https:\/\/eu.aimcontrollers.com\/?post_type=product&#038;p=1315182"},"modified":"2023-11-28T18:12:35","modified_gmt":"2023-11-28T17:12:35","slug":"ps5-pink-punch-snap-panel","status":"publish","type":"product","link":"https:\/\/eu.aimcontrollers.com\/pl\/produkt\/ps5-pink-punch-snap-panel\/","title":{"rendered":"PS5 Pink Punch Snap Panel"},"content":{"rendered":"<p>Przedstawiamy Snap Panel do kontrolera PS5 &#8211; edycj\u0119 Pink Punch, dynamiczne po\u0142\u0105czenie funkcjonalno\u015bci i wizualnej atrakcyjno\u015bci. Ta wymienna nak\u0142adka na panel frontowy charakteryzuje si\u0119 jaskrawym, soczystym r\u00f3\u017cowym wzorem, kt\u00f3ry dodaje koloru do Twojego zestawu do gry, gwarantuj\u0105c wyraziste o\u015bwiadczenie. Wykorzystuj\u0105c moc magnetyzmu, r\u00f3\u017cowy Snap Panel Pink Punch umo\u017cliwia bezproblemowe prze\u0142\u0105czanie, czyni\u0105c Tw\u00f3j kontroler Playstation 5 tak unikalnym, jak Tw\u00f3j styl gry.<\/p>\n","protected":false},"excerpt":{"rendered":"<p>Przedstawiamy Snap Panel do kontrolera PS5 &#8211; edycj\u0119 Pink Punch, dynamiczne po\u0142\u0105czenie funkcjonalno\u015bci i wizualnej atrakcyjno\u015bci. Ta wymienna nak\u0142adka na panel frontowy charakteryzuje si\u0119 jaskrawym, soczystym r\u00f3\u017cowym wzorem, kt\u00f3ry dodaje koloru do Twojego zestawu do gry, gwarantuj\u0105c wyraziste o\u015bwiadczenie. Wykorzystuj\u0105c moc magnetyzmu, r\u00f3\u017cowy Snap Panel Pink Punch umo\u017cliwia bezproblemowe prze\u0142\u0105czanie, czyni\u0105c Tw\u00f3j kontroler Playstation 5 tak unikalnym, jak Tw\u00f3j styl gry.<\/p>\n","protected":false},"featured_media":1314635,"template":"","meta":{"_acf_changed":false,"inline_featured_image":false},"product_brand":[],"product_cat":[5204],"product_tag":[],"misspellings":[],"class_list":{"0":"post-1315182","1":"product","2":"type-product","3":"status-publish","4":"has-post-thumbnail","6":"product_cat-snap-panels-pl","8":"first","9":"instock","10":"taxable","11":"shipping-taxable","12":"purchasable","13":"product-type-simple"},"acf":[],"yoast_head":"<!-- This site is optimized with the Yoast SEO Premium plugin v22.4 (Yoast SEO v27.4) - https:\/\/yoast.com\/product\/yoast-seo-premium-wordpress\/ -->\n<title>PS5 Pink Punch Snap Panel - Aimcontrollers<\/title>\n<meta name=\"robots\" content=\"index, follow, max-snippet:-1, max-image-preview:large, max-video-preview:-1\" \/>\n<link rel=\"canonical\" href=\"https:\/\/eu.aimcontrollers.com\/pl\/produkt\/ps5-pink-punch-snap-panel\/\" \/>\n<meta property=\"og:locale\" content=\"pl_PL\" \/>\n<meta property=\"og:type\" content=\"article\" \/>\n<meta property=\"og:title\" content=\"PS5 Pink Punch Snap Panel\" \/>\n<meta property=\"og:description\" content=\"Przedstawiamy Snap Panel do kontrolera PS5 - edycj\u0119 Pink Punch, dynamiczne po\u0142\u0105czenie funkcjonalno\u015bci i wizualnej atrakcyjno\u015bci. Ta wymienna nak\u0142adka na panel frontowy charakteryzuje si\u0119 jaskrawym, soczystym r\u00f3\u017cowym wzorem, kt\u00f3ry dodaje koloru do Twojego zestawu do gry, gwarantuj\u0105c wyraziste o\u015bwiadczenie. Wykorzystuj\u0105c moc magnetyzmu, r\u00f3\u017cowy Snap Panel Pink Punch umo\u017cliwia bezproblemowe prze\u0142\u0105czanie, czyni\u0105c Tw\u00f3j kontroler Playstation 5 tak unikalnym, jak Tw\u00f3j styl gry.\" \/>\n<meta property=\"og:url\" content=\"https:\/\/eu.aimcontrollers.com\/pl\/produkt\/ps5-pink-punch-snap-panel\/\" \/>\n<meta property=\"og:site_name\" content=\"Aimcontrollers\" \/>\n<meta property=\"article:publisher\" content=\"http:\/\/www.facebook.com\/aimcontrollers\" \/>\n<meta property=\"article:modified_time\" content=\"2023-11-28T17:12:35+00:00\" \/>\n<meta property=\"og:image\" content=\"https:\/\/eu.aimcontrollers.com\/wp-content\/uploads\/2023\/09\/pink_punch_1.png\" \/>\n\t<meta property=\"og:image:width\" content=\"1000\" \/>\n\t<meta property=\"og:image:height\" content=\"1000\" \/>\n\t<meta property=\"og:image:type\" content=\"image\/png\" \/>\n<meta name=\"twitter:card\" content=\"summary_large_image\" \/>\n<meta name=\"twitter:site\" content=\"@AimControllerss\" \/>\n<script type=\"application\/ld+json\" class=\"yoast-schema-graph\">{\"@context\":\"https:\\\/\\\/schema.org\",\"@graph\":[{\"@type\":\"WebPage\",\"@id\":\"https:\\\/\\\/eu.aimcontrollers.com\\\/pl\\\/produkt\\\/ps5-pink-punch-snap-panel\\\/\",\"url\":\"https:\\\/\\\/eu.aimcontrollers.com\\\/pl\\\/produkt\\\/ps5-pink-punch-snap-panel\\\/\",\"name\":\"PS5 Pink Punch Snap Panel - Aimcontrollers\",\"isPartOf\":{\"@id\":\"https:\\\/\\\/eu.aimcontrollers.com\\\/pl\\\/#website\"},\"primaryImageOfPage\":{\"@id\":\"https:\\\/\\\/eu.aimcontrollers.com\\\/pl\\\/produkt\\\/ps5-pink-punch-snap-panel\\\/#primaryimage\"},\"image\":{\"@id\":\"https:\\\/\\\/eu.aimcontrollers.com\\\/pl\\\/produkt\\\/ps5-pink-punch-snap-panel\\\/#primaryimage\"},\"thumbnailUrl\":\"https:\\\/\\\/eu.aimcontrollers.com\\\/wp-content\\\/uploads\\\/2023\\\/09\\\/pink_punch_1.png\",\"datePublished\":\"2023-09-22T13:20:12+00:00\",\"dateModified\":\"2023-11-28T17:12:35+00:00\",\"breadcrumb\":{\"@id\":\"https:\\\/\\\/eu.aimcontrollers.com\\\/pl\\\/produkt\\\/ps5-pink-punch-snap-panel\\\/#breadcrumb\"},\"inLanguage\":\"pl-PL\",\"potentialAction\":[{\"@type\":\"ReadAction\",\"target\":[\"https:\\\/\\\/eu.aimcontrollers.com\\\/pl\\\/produkt\\\/ps5-pink-punch-snap-panel\\\/\"]}]},{\"@type\":\"ImageObject\",\"inLanguage\":\"pl-PL\",\"@id\":\"https:\\\/\\\/eu.aimcontrollers.com\\\/pl\\\/produkt\\\/ps5-pink-punch-snap-panel\\\/#primaryimage\",\"url\":\"https:\\\/\\\/eu.aimcontrollers.com\\\/wp-content\\\/uploads\\\/2023\\\/09\\\/pink_punch_1.png\",\"contentUrl\":\"https:\\\/\\\/eu.aimcontrollers.com\\\/wp-content\\\/uploads\\\/2023\\\/09\\\/pink_punch_1.png\",\"width\":1000,\"height\":1000},{\"@type\":\"BreadcrumbList\",\"@id\":\"https:\\\/\\\/eu.aimcontrollers.com\\\/pl\\\/produkt\\\/ps5-pink-punch-snap-panel\\\/#breadcrumb\",\"itemListElement\":[{\"@type\":\"ListItem\",\"position\":1,\"name\":\"Home\",\"item\":\"https:\\\/\\\/eu.aimcontrollers.com\\\/pl\\\/\"},{\"@type\":\"ListItem\",\"position\":2,\"name\":\"Shop\",\"item\":\"https:\\\/\\\/eu.aimcontrollers.com\\\/shop\\\/\"},{\"@type\":\"ListItem\",\"position\":3,\"name\":\"PS5 Pink Punch Snap Panel\"}]},{\"@type\":\"WebSite\",\"@id\":\"https:\\\/\\\/eu.aimcontrollers.com\\\/pl\\\/#website\",\"url\":\"https:\\\/\\\/eu.aimcontrollers.com\\\/pl\\\/\",\"name\":\"AimControllers - The most affordable competitive controllers for Xbox, PlayStation and PC\",\"description\":\"Jedna z najwi\u0119kszych marek dostarczaj\u0105cych w pe\u0142ni modyfikowalne i oryginalne kontrolery.\",\"publisher\":{\"@id\":\"https:\\\/\\\/eu.aimcontrollers.com\\\/pl\\\/#organization\"},\"potentialAction\":[{\"@type\":\"SearchAction\",\"target\":{\"@type\":\"EntryPoint\",\"urlTemplate\":\"https:\\\/\\\/eu.aimcontrollers.com\\\/pl\\\/?s={search_term_string}\"},\"query-input\":{\"@type\":\"PropertyValueSpecification\",\"valueRequired\":true,\"valueName\":\"search_term_string\"}}],\"inLanguage\":\"pl-PL\"},{\"@type\":\"Organization\",\"@id\":\"https:\\\/\\\/eu.aimcontrollers.com\\\/pl\\\/#organization\",\"name\":\"Aimcontrollers\",\"url\":\"https:\\\/\\\/eu.aimcontrollers.com\\\/pl\\\/\",\"logo\":{\"@type\":\"ImageObject\",\"inLanguage\":\"pl-PL\",\"@id\":\"https:\\\/\\\/eu.aimcontrollers.com\\\/pl\\\/#\\\/schema\\\/logo\\\/image\\\/\",\"url\":\"\",\"contentUrl\":\"\",\"caption\":\"Aimcontrollers\"},\"image\":{\"@id\":\"https:\\\/\\\/eu.aimcontrollers.com\\\/pl\\\/#\\\/schema\\\/logo\\\/image\\\/\"},\"sameAs\":[\"http:\\\/\\\/www.facebook.com\\\/aimcontrollers\",\"https:\\\/\\\/x.com\\\/AimControllerss\",\"https:\\\/\\\/instagram.com\\\/aimcontrollers\\\/\",\"https:\\\/\\\/www.youtube.com\\\/user\\\/aimcontrollerspl\\\/videos\"]}]}<\/script>\n<!-- \/ Yoast SEO Premium plugin. -->","yoast_head_json":{"title":"PS5 Pink Punch Snap Panel - Aimcontrollers","robots":{"index":"index","follow":"follow","max-snippet":"max-snippet:-1","max-image-preview":"max-image-preview:large","max-video-preview":"max-video-preview:-1"},"canonical":"https:\/\/eu.aimcontrollers.com\/pl\/produkt\/ps5-pink-punch-snap-panel\/","og_locale":"pl_PL","og_type":"article","og_title":"PS5 Pink Punch Snap Panel","og_description":"Przedstawiamy Snap Panel do kontrolera PS5 - edycj\u0119 Pink Punch, dynamiczne po\u0142\u0105czenie funkcjonalno\u015bci i wizualnej atrakcyjno\u015bci. Ta wymienna nak\u0142adka na panel frontowy charakteryzuje si\u0119 jaskrawym, soczystym r\u00f3\u017cowym wzorem, kt\u00f3ry dodaje koloru do Twojego zestawu do gry, gwarantuj\u0105c wyraziste o\u015bwiadczenie. Wykorzystuj\u0105c moc magnetyzmu, r\u00f3\u017cowy Snap Panel Pink Punch umo\u017cliwia bezproblemowe prze\u0142\u0105czanie, czyni\u0105c Tw\u00f3j kontroler Playstation 5 tak unikalnym, jak Tw\u00f3j styl gry.","og_url":"https:\/\/eu.aimcontrollers.com\/pl\/produkt\/ps5-pink-punch-snap-panel\/","og_site_name":"Aimcontrollers","article_publisher":"http:\/\/www.facebook.com\/aimcontrollers","article_modified_time":"2023-11-28T17:12:35+00:00","og_image":[{"width":1000,"height":1000,"url":"https:\/\/eu.aimcontrollers.com\/wp-content\/uploads\/2023\/09\/pink_punch_1.png","type":"image\/png"}],"twitter_card":"summary_large_image","twitter_site":"@AimControllerss","schema":{"@context":"https:\/\/schema.org","@graph":[{"@type":"WebPage","@id":"https:\/\/eu.aimcontrollers.com\/pl\/produkt\/ps5-pink-punch-snap-panel\/","url":"https:\/\/eu.aimcontrollers.com\/pl\/produkt\/ps5-pink-punch-snap-panel\/","name":"PS5 Pink Punch Snap Panel - Aimcontrollers","isPartOf":{"@id":"https:\/\/eu.aimcontrollers.com\/pl\/#website"},"primaryImageOfPage":{"@id":"https:\/\/eu.aimcontrollers.com\/pl\/produkt\/ps5-pink-punch-snap-panel\/#primaryimage"},"image":{"@id":"https:\/\/eu.aimcontrollers.com\/pl\/produkt\/ps5-pink-punch-snap-panel\/#primaryimage"},"thumbnailUrl":"https:\/\/eu.aimcontrollers.com\/wp-content\/uploads\/2023\/09\/pink_punch_1.png","datePublished":"2023-09-22T13:20:12+00:00","dateModified":"2023-11-28T17:12:35+00:00","breadcrumb":{"@id":"https:\/\/eu.aimcontrollers.com\/pl\/produkt\/ps5-pink-punch-snap-panel\/#breadcrumb"},"inLanguage":"pl-PL","potentialAction":[{"@type":"ReadAction","target":["https:\/\/eu.aimcontrollers.com\/pl\/produkt\/ps5-pink-punch-snap-panel\/"]}]},{"@type":"ImageObject","inLanguage":"pl-PL","@id":"https:\/\/eu.aimcontrollers.com\/pl\/produkt\/ps5-pink-punch-snap-panel\/#primaryimage","url":"https:\/\/eu.aimcontrollers.com\/wp-content\/uploads\/2023\/09\/pink_punch_1.png","contentUrl":"https:\/\/eu.aimcontrollers.com\/wp-content\/uploads\/2023\/09\/pink_punch_1.png","width":1000,"height":1000},{"@type":"BreadcrumbList","@id":"https:\/\/eu.aimcontrollers.com\/pl\/produkt\/ps5-pink-punch-snap-panel\/#breadcrumb","itemListElement":[{"@type":"ListItem","position":1,"name":"Home","item":"https:\/\/eu.aimcontrollers.com\/pl\/"},{"@type":"ListItem","position":2,"name":"Shop","item":"https:\/\/eu.aimcontrollers.com\/shop\/"},{"@type":"ListItem","position":3,"name":"PS5 Pink Punch Snap Panel"}]},{"@type":"WebSite","@id":"https:\/\/eu.aimcontrollers.com\/pl\/#website","url":"https:\/\/eu.aimcontrollers.com\/pl\/","name":"AimControllers - The most affordable competitive controllers for Xbox, PlayStation and PC","description":"Jedna z najwi\u0119kszych marek dostarczaj\u0105cych w pe\u0142ni modyfikowalne i oryginalne kontrolery.","publisher":{"@id":"https:\/\/eu.aimcontrollers.com\/pl\/#organization"},"potentialAction":[{"@type":"SearchAction","target":{"@type":"EntryPoint","urlTemplate":"https:\/\/eu.aimcontrollers.com\/pl\/?s={search_term_string}"},"query-input":{"@type":"PropertyValueSpecification","valueRequired":true,"valueName":"search_term_string"}}],"inLanguage":"pl-PL"},{"@type":"Organization","@id":"https:\/\/eu.aimcontrollers.com\/pl\/#organization","name":"Aimcontrollers","url":"https:\/\/eu.aimcontrollers.com\/pl\/","logo":{"@type":"ImageObject","inLanguage":"pl-PL","@id":"https:\/\/eu.aimcontrollers.com\/pl\/#\/schema\/logo\/image\/","url":"","contentUrl":"","caption":"Aimcontrollers"},"image":{"@id":"https:\/\/eu.aimcontrollers.com\/pl\/#\/schema\/logo\/image\/"},"sameAs":["http:\/\/www.facebook.com\/aimcontrollers","https:\/\/x.com\/AimControllerss","https:\/\/instagram.com\/aimcontrollers\/","https:\/\/www.youtube.com\/user\/aimcontrollerspl\/videos"]}]}},"_links":{"self":[{"href":"https:\/\/eu.aimcontrollers.com\/pl\/wp-json\/wp\/v2\/product\/1315182","targetHints":{"allow":["GET"]}}],"collection":[{"href":"https:\/\/eu.aimcontrollers.com\/pl\/wp-json\/wp\/v2\/product"}],"about":[{"href":"https:\/\/eu.aimcontrollers.com\/pl\/wp-json\/wp\/v2\/types\/product"}],"wp:featuredmedia":[{"embeddable":true,"href":"https:\/\/eu.aimcontrollers.com\/pl\/wp-json\/wp\/v2\/media\/1314635"}],"wp:attachment":[{"href":"https:\/\/eu.aimcontrollers.com\/pl\/wp-json\/wp\/v2\/media?parent=1315182"}],"wp:term":[{"taxonomy":"product_brand","embeddable":true,"href":"https:\/\/eu.aimcontrollers.com\/pl\/wp-json\/wp\/v2\/product_brand?post=1315182"},{"taxonomy":"product_cat","embeddable":true,"href":"https:\/\/eu.aimcontrollers.com\/pl\/wp-json\/wp\/v2\/product_cat?post=1315182"},{"taxonomy":"product_tag","embeddable":true,"href":"https:\/\/eu.aimcontrollers.com\/pl\/wp-json\/wp\/v2\/product_tag?post=1315182"},{"taxonomy":"misspellings","embeddable":true,"href":"https:\/\/eu.aimcontrollers.com\/pl\/wp-json\/wp\/v2\/misspellings?post=1315182"}],"curies":[{"name":"wp","href":"https:\/\/api.w.org\/{rel}","templated":true}]}}