{"id":1315223,"date":"2023-09-22T15:23:17","date_gmt":"2023-09-22T13:20:21","guid":{"rendered":"https:\/\/eu.aimcontrollers.com\/?post_type=product&#038;p=1315223"},"modified":"2023-11-28T18:12:29","modified_gmt":"2023-11-28T17:12:29","slug":"ps5-cyber-yellow-snap-panel","status":"publish","type":"product","link":"https:\/\/eu.aimcontrollers.com\/pl\/produkt\/ps5-cyber-yellow-snap-panel\/","title":{"rendered":"PS5 Cyber Yellow Snap Panel"},"content":{"rendered":"<p>Przedstawiamy Snap Panel dla kontrolera PS5, teraz w efektownym Cyber Yellow. Ten innowacyjny, wymienny panel pozwala Ci spersonalizowa\u0107 swoje sprz\u0119ty do gier poprzez dodanie \u017cywej kolorystyki. Jego magnetyczne gniazdo gwarantuje \u0142atw\u0105 aplikacj\u0119 i pewne dopasowanie do Twojego kontrolera PlayStation 5. Zwi\u0119ksz atrakcyjno\u015b\u0107 swojego do\u015bwiadczenia z grami, dzi\u0119ki estetyce i najwy\u017cszej funkcjonalno\u015bci Cyber Yellow Snap Panel.<\/p>\n","protected":false},"excerpt":{"rendered":"<p>Przedstawiamy Snap Panel dla kontrolera PS5, teraz w efektownym Cyber Yellow. Ten innowacyjny, wymienny panel pozwala Ci spersonalizowa\u0107 swoje sprz\u0119ty do gier poprzez dodanie \u017cywej kolorystyki. Jego magnetyczne gniazdo gwarantuje \u0142atw\u0105 aplikacj\u0119 i pewne dopasowanie do Twojego kontrolera PlayStation 5. Zwi\u0119ksz atrakcyjno\u015b\u0107 swojego do\u015bwiadczenia z grami, dzi\u0119ki estetyce i najwy\u017cszej funkcjonalno\u015bci Cyber Yellow Snap Panel.<\/p>\n","protected":false},"featured_media":1314353,"template":"","meta":{"_acf_changed":false,"inline_featured_image":false},"product_brand":[],"product_cat":[5204],"product_tag":[],"misspellings":[],"class_list":{"0":"post-1315223","1":"product","2":"type-product","3":"status-publish","4":"has-post-thumbnail","6":"product_cat-snap-panels-pl","8":"first","9":"instock","10":"taxable","11":"shipping-taxable","12":"purchasable","13":"product-type-simple"},"acf":[],"yoast_head":"<!-- This site is optimized with the Yoast SEO Premium plugin v22.4 (Yoast SEO v27.4) - https:\/\/yoast.com\/product\/yoast-seo-premium-wordpress\/ -->\n<title>PS5 Cyber Yellow Snap Panel - Aimcontrollers<\/title>\n<meta name=\"robots\" content=\"index, follow, max-snippet:-1, max-image-preview:large, max-video-preview:-1\" \/>\n<link rel=\"canonical\" href=\"https:\/\/eu.aimcontrollers.com\/pl\/produkt\/ps5-cyber-yellow-snap-panel\/\" \/>\n<meta property=\"og:locale\" content=\"pl_PL\" \/>\n<meta property=\"og:type\" content=\"article\" \/>\n<meta property=\"og:title\" content=\"PS5 Cyber Yellow Snap Panel\" \/>\n<meta property=\"og:description\" content=\"Przedstawiamy Snap Panel dla kontrolera PS5, teraz w efektownym Cyber Yellow. Ten innowacyjny, wymienny panel pozwala Ci spersonalizowa\u0107 swoje sprz\u0119ty do gier poprzez dodanie \u017cywej kolorystyki. Jego magnetyczne gniazdo gwarantuje \u0142atw\u0105 aplikacj\u0119 i pewne dopasowanie do Twojego kontrolera PlayStation 5. Zwi\u0119ksz atrakcyjno\u015b\u0107 swojego do\u015bwiadczenia z grami, dzi\u0119ki estetyce i najwy\u017cszej funkcjonalno\u015bci Cyber Yellow Snap Panel.\" \/>\n<meta property=\"og:url\" content=\"https:\/\/eu.aimcontrollers.com\/pl\/produkt\/ps5-cyber-yellow-snap-panel\/\" \/>\n<meta property=\"og:site_name\" content=\"Aimcontrollers\" \/>\n<meta property=\"article:publisher\" content=\"http:\/\/www.facebook.com\/aimcontrollers\" \/>\n<meta property=\"article:modified_time\" content=\"2023-11-28T17:12:29+00:00\" \/>\n<meta property=\"og:image\" content=\"https:\/\/eu.aimcontrollers.com\/wp-content\/uploads\/2023\/09\/cyber_yellow_1.png\" \/>\n\t<meta property=\"og:image:width\" content=\"1000\" \/>\n\t<meta property=\"og:image:height\" content=\"1000\" \/>\n\t<meta property=\"og:image:type\" content=\"image\/png\" \/>\n<meta name=\"twitter:card\" content=\"summary_large_image\" \/>\n<meta name=\"twitter:site\" content=\"@AimControllerss\" \/>\n<script type=\"application\/ld+json\" class=\"yoast-schema-graph\">{\"@context\":\"https:\\\/\\\/schema.org\",\"@graph\":[{\"@type\":\"WebPage\",\"@id\":\"https:\\\/\\\/eu.aimcontrollers.com\\\/pl\\\/produkt\\\/ps5-cyber-yellow-snap-panel\\\/\",\"url\":\"https:\\\/\\\/eu.aimcontrollers.com\\\/pl\\\/produkt\\\/ps5-cyber-yellow-snap-panel\\\/\",\"name\":\"PS5 Cyber Yellow Snap Panel - Aimcontrollers\",\"isPartOf\":{\"@id\":\"https:\\\/\\\/eu.aimcontrollers.com\\\/pl\\\/#website\"},\"primaryImageOfPage\":{\"@id\":\"https:\\\/\\\/eu.aimcontrollers.com\\\/pl\\\/produkt\\\/ps5-cyber-yellow-snap-panel\\\/#primaryimage\"},\"image\":{\"@id\":\"https:\\\/\\\/eu.aimcontrollers.com\\\/pl\\\/produkt\\\/ps5-cyber-yellow-snap-panel\\\/#primaryimage\"},\"thumbnailUrl\":\"https:\\\/\\\/eu.aimcontrollers.com\\\/wp-content\\\/uploads\\\/2023\\\/09\\\/cyber_yellow_1.png\",\"datePublished\":\"2023-09-22T13:20:21+00:00\",\"dateModified\":\"2023-11-28T17:12:29+00:00\",\"breadcrumb\":{\"@id\":\"https:\\\/\\\/eu.aimcontrollers.com\\\/pl\\\/produkt\\\/ps5-cyber-yellow-snap-panel\\\/#breadcrumb\"},\"inLanguage\":\"pl-PL\",\"potentialAction\":[{\"@type\":\"ReadAction\",\"target\":[\"https:\\\/\\\/eu.aimcontrollers.com\\\/pl\\\/produkt\\\/ps5-cyber-yellow-snap-panel\\\/\"]}]},{\"@type\":\"ImageObject\",\"inLanguage\":\"pl-PL\",\"@id\":\"https:\\\/\\\/eu.aimcontrollers.com\\\/pl\\\/produkt\\\/ps5-cyber-yellow-snap-panel\\\/#primaryimage\",\"url\":\"https:\\\/\\\/eu.aimcontrollers.com\\\/wp-content\\\/uploads\\\/2023\\\/09\\\/cyber_yellow_1.png\",\"contentUrl\":\"https:\\\/\\\/eu.aimcontrollers.com\\\/wp-content\\\/uploads\\\/2023\\\/09\\\/cyber_yellow_1.png\",\"width\":1000,\"height\":1000},{\"@type\":\"BreadcrumbList\",\"@id\":\"https:\\\/\\\/eu.aimcontrollers.com\\\/pl\\\/produkt\\\/ps5-cyber-yellow-snap-panel\\\/#breadcrumb\",\"itemListElement\":[{\"@type\":\"ListItem\",\"position\":1,\"name\":\"Home\",\"item\":\"https:\\\/\\\/eu.aimcontrollers.com\\\/pl\\\/\"},{\"@type\":\"ListItem\",\"position\":2,\"name\":\"Shop\",\"item\":\"https:\\\/\\\/eu.aimcontrollers.com\\\/shop\\\/\"},{\"@type\":\"ListItem\",\"position\":3,\"name\":\"PS5 Cyber Yellow Snap Panel\"}]},{\"@type\":\"WebSite\",\"@id\":\"https:\\\/\\\/eu.aimcontrollers.com\\\/pl\\\/#website\",\"url\":\"https:\\\/\\\/eu.aimcontrollers.com\\\/pl\\\/\",\"name\":\"AimControllers - The most affordable competitive controllers for Xbox, PlayStation and PC\",\"description\":\"Jedna z najwi\u0119kszych marek dostarczaj\u0105cych w pe\u0142ni modyfikowalne i oryginalne kontrolery.\",\"publisher\":{\"@id\":\"https:\\\/\\\/eu.aimcontrollers.com\\\/pl\\\/#organization\"},\"potentialAction\":[{\"@type\":\"SearchAction\",\"target\":{\"@type\":\"EntryPoint\",\"urlTemplate\":\"https:\\\/\\\/eu.aimcontrollers.com\\\/pl\\\/?s={search_term_string}\"},\"query-input\":{\"@type\":\"PropertyValueSpecification\",\"valueRequired\":true,\"valueName\":\"search_term_string\"}}],\"inLanguage\":\"pl-PL\"},{\"@type\":\"Organization\",\"@id\":\"https:\\\/\\\/eu.aimcontrollers.com\\\/pl\\\/#organization\",\"name\":\"Aimcontrollers\",\"url\":\"https:\\\/\\\/eu.aimcontrollers.com\\\/pl\\\/\",\"logo\":{\"@type\":\"ImageObject\",\"inLanguage\":\"pl-PL\",\"@id\":\"https:\\\/\\\/eu.aimcontrollers.com\\\/pl\\\/#\\\/schema\\\/logo\\\/image\\\/\",\"url\":\"\",\"contentUrl\":\"\",\"caption\":\"Aimcontrollers\"},\"image\":{\"@id\":\"https:\\\/\\\/eu.aimcontrollers.com\\\/pl\\\/#\\\/schema\\\/logo\\\/image\\\/\"},\"sameAs\":[\"http:\\\/\\\/www.facebook.com\\\/aimcontrollers\",\"https:\\\/\\\/x.com\\\/AimControllerss\",\"https:\\\/\\\/instagram.com\\\/aimcontrollers\\\/\",\"https:\\\/\\\/www.youtube.com\\\/user\\\/aimcontrollerspl\\\/videos\"]}]}<\/script>\n<!-- \/ Yoast SEO Premium plugin. -->","yoast_head_json":{"title":"PS5 Cyber Yellow Snap Panel - Aimcontrollers","robots":{"index":"index","follow":"follow","max-snippet":"max-snippet:-1","max-image-preview":"max-image-preview:large","max-video-preview":"max-video-preview:-1"},"canonical":"https:\/\/eu.aimcontrollers.com\/pl\/produkt\/ps5-cyber-yellow-snap-panel\/","og_locale":"pl_PL","og_type":"article","og_title":"PS5 Cyber Yellow Snap Panel","og_description":"Przedstawiamy Snap Panel dla kontrolera PS5, teraz w efektownym Cyber Yellow. Ten innowacyjny, wymienny panel pozwala Ci spersonalizowa\u0107 swoje sprz\u0119ty do gier poprzez dodanie \u017cywej kolorystyki. Jego magnetyczne gniazdo gwarantuje \u0142atw\u0105 aplikacj\u0119 i pewne dopasowanie do Twojego kontrolera PlayStation 5. Zwi\u0119ksz atrakcyjno\u015b\u0107 swojego do\u015bwiadczenia z grami, dzi\u0119ki estetyce i najwy\u017cszej funkcjonalno\u015bci Cyber Yellow Snap Panel.","og_url":"https:\/\/eu.aimcontrollers.com\/pl\/produkt\/ps5-cyber-yellow-snap-panel\/","og_site_name":"Aimcontrollers","article_publisher":"http:\/\/www.facebook.com\/aimcontrollers","article_modified_time":"2023-11-28T17:12:29+00:00","og_image":[{"width":1000,"height":1000,"url":"https:\/\/eu.aimcontrollers.com\/wp-content\/uploads\/2023\/09\/cyber_yellow_1.png","type":"image\/png"}],"twitter_card":"summary_large_image","twitter_site":"@AimControllerss","schema":{"@context":"https:\/\/schema.org","@graph":[{"@type":"WebPage","@id":"https:\/\/eu.aimcontrollers.com\/pl\/produkt\/ps5-cyber-yellow-snap-panel\/","url":"https:\/\/eu.aimcontrollers.com\/pl\/produkt\/ps5-cyber-yellow-snap-panel\/","name":"PS5 Cyber Yellow Snap Panel - Aimcontrollers","isPartOf":{"@id":"https:\/\/eu.aimcontrollers.com\/pl\/#website"},"primaryImageOfPage":{"@id":"https:\/\/eu.aimcontrollers.com\/pl\/produkt\/ps5-cyber-yellow-snap-panel\/#primaryimage"},"image":{"@id":"https:\/\/eu.aimcontrollers.com\/pl\/produkt\/ps5-cyber-yellow-snap-panel\/#primaryimage"},"thumbnailUrl":"https:\/\/eu.aimcontrollers.com\/wp-content\/uploads\/2023\/09\/cyber_yellow_1.png","datePublished":"2023-09-22T13:20:21+00:00","dateModified":"2023-11-28T17:12:29+00:00","breadcrumb":{"@id":"https:\/\/eu.aimcontrollers.com\/pl\/produkt\/ps5-cyber-yellow-snap-panel\/#breadcrumb"},"inLanguage":"pl-PL","potentialAction":[{"@type":"ReadAction","target":["https:\/\/eu.aimcontrollers.com\/pl\/produkt\/ps5-cyber-yellow-snap-panel\/"]}]},{"@type":"ImageObject","inLanguage":"pl-PL","@id":"https:\/\/eu.aimcontrollers.com\/pl\/produkt\/ps5-cyber-yellow-snap-panel\/#primaryimage","url":"https:\/\/eu.aimcontrollers.com\/wp-content\/uploads\/2023\/09\/cyber_yellow_1.png","contentUrl":"https:\/\/eu.aimcontrollers.com\/wp-content\/uploads\/2023\/09\/cyber_yellow_1.png","width":1000,"height":1000},{"@type":"BreadcrumbList","@id":"https:\/\/eu.aimcontrollers.com\/pl\/produkt\/ps5-cyber-yellow-snap-panel\/#breadcrumb","itemListElement":[{"@type":"ListItem","position":1,"name":"Home","item":"https:\/\/eu.aimcontrollers.com\/pl\/"},{"@type":"ListItem","position":2,"name":"Shop","item":"https:\/\/eu.aimcontrollers.com\/shop\/"},{"@type":"ListItem","position":3,"name":"PS5 Cyber Yellow Snap Panel"}]},{"@type":"WebSite","@id":"https:\/\/eu.aimcontrollers.com\/pl\/#website","url":"https:\/\/eu.aimcontrollers.com\/pl\/","name":"AimControllers - The most affordable competitive controllers for Xbox, PlayStation and PC","description":"Jedna z najwi\u0119kszych marek dostarczaj\u0105cych w pe\u0142ni modyfikowalne i oryginalne kontrolery.","publisher":{"@id":"https:\/\/eu.aimcontrollers.com\/pl\/#organization"},"potentialAction":[{"@type":"SearchAction","target":{"@type":"EntryPoint","urlTemplate":"https:\/\/eu.aimcontrollers.com\/pl\/?s={search_term_string}"},"query-input":{"@type":"PropertyValueSpecification","valueRequired":true,"valueName":"search_term_string"}}],"inLanguage":"pl-PL"},{"@type":"Organization","@id":"https:\/\/eu.aimcontrollers.com\/pl\/#organization","name":"Aimcontrollers","url":"https:\/\/eu.aimcontrollers.com\/pl\/","logo":{"@type":"ImageObject","inLanguage":"pl-PL","@id":"https:\/\/eu.aimcontrollers.com\/pl\/#\/schema\/logo\/image\/","url":"","contentUrl":"","caption":"Aimcontrollers"},"image":{"@id":"https:\/\/eu.aimcontrollers.com\/pl\/#\/schema\/logo\/image\/"},"sameAs":["http:\/\/www.facebook.com\/aimcontrollers","https:\/\/x.com\/AimControllerss","https:\/\/instagram.com\/aimcontrollers\/","https:\/\/www.youtube.com\/user\/aimcontrollerspl\/videos"]}]}},"_links":{"self":[{"href":"https:\/\/eu.aimcontrollers.com\/pl\/wp-json\/wp\/v2\/product\/1315223","targetHints":{"allow":["GET"]}}],"collection":[{"href":"https:\/\/eu.aimcontrollers.com\/pl\/wp-json\/wp\/v2\/product"}],"about":[{"href":"https:\/\/eu.aimcontrollers.com\/pl\/wp-json\/wp\/v2\/types\/product"}],"wp:featuredmedia":[{"embeddable":true,"href":"https:\/\/eu.aimcontrollers.com\/pl\/wp-json\/wp\/v2\/media\/1314353"}],"wp:attachment":[{"href":"https:\/\/eu.aimcontrollers.com\/pl\/wp-json\/wp\/v2\/media?parent=1315223"}],"wp:term":[{"taxonomy":"product_brand","embeddable":true,"href":"https:\/\/eu.aimcontrollers.com\/pl\/wp-json\/wp\/v2\/product_brand?post=1315223"},{"taxonomy":"product_cat","embeddable":true,"href":"https:\/\/eu.aimcontrollers.com\/pl\/wp-json\/wp\/v2\/product_cat?post=1315223"},{"taxonomy":"product_tag","embeddable":true,"href":"https:\/\/eu.aimcontrollers.com\/pl\/wp-json\/wp\/v2\/product_tag?post=1315223"},{"taxonomy":"misspellings","embeddable":true,"href":"https:\/\/eu.aimcontrollers.com\/pl\/wp-json\/wp\/v2\/misspellings?post=1315223"}],"curies":[{"name":"wp","href":"https:\/\/api.w.org\/{rel}","templated":true}]}}