{"id":1332049,"date":"2023-12-13T14:58:37","date_gmt":"2023-12-13T13:58:37","guid":{"rendered":"https:\/\/eu.aimcontrollers.com\/?post_type=product&#038;p=1332049"},"modified":"2025-11-20T14:32:58","modified_gmt":"2025-11-20T13:32:58","slug":"kontroler-outlet-ps5-joker-yellow","status":"publish","type":"product","link":"https:\/\/eu.aimcontrollers.com\/pl\/produkt\/kontroler-outlet-ps5-joker-yellow\/","title":{"rendered":"Kontroler Outlet PS5 Joker Yellow"},"content":{"rendered":"","protected":false},"excerpt":{"rendered":"<p>Przygotuj si\u0119 na roz\u015bwietlenie swojego \u015bwiata gier dzi\u0119ki spersonalizowanemu kontrolerowi PS5 Joker Yellow Edition od AimControllers. Ten kontroler to genialne rozwi\u0105zanie dla graczy. Wyobra\u017a sobie plamy elektrycznej \u017c\u00f3\u0142ci na tle wyrafinowanej czerni. To ol\u015bniewaj\u0105ce po\u0142\u0105czenie \u017cywego stylu i ponadczasowo\u015bci.<br \/>\nTen projekt to przyci\u0105gaj\u0105ca wzrok symfonia szyku i zabawy. To najlepsze akcesorium dla gracza, kt\u00f3ry jest r\u00f3wnie stylowy, co zr\u0119czny. Podnie\u015b poziom swojej gry, wyr\u00f3\u017cnij si\u0119 i niech Joker Yellow b\u0119dzie symbolem Twoich wirtualnych triumf\u00f3w! <\/p>\n","protected":false},"featured_media":1331313,"template":"","meta":{"_acf_changed":false,"inline_featured_image":false},"product_brand":[],"product_cat":[5218],"product_tag":[4947,5254],"misspellings":[],"class_list":{"0":"post-1332049","1":"product","2":"type-product","3":"status-publish","4":"has-post-thumbnail","6":"product_cat-outlet-pl","7":"product_tag-ps5-controller-pl","8":"product_tag-ps5-outlet-pl","10":"first","11":"instock","12":"taxable","13":"shipping-taxable","14":"purchasable","15":"product-type-variable","16":"has-default-attributes"},"acf":[],"yoast_head":"<!-- This site is optimized with the Yoast SEO Premium plugin v22.4 (Yoast SEO v27.4) - https:\/\/yoast.com\/product\/yoast-seo-premium-wordpress\/ -->\n<title>Kontroler Outlet PS5 Joker Yellow - Aimcontrollers<\/title>\n<meta name=\"robots\" content=\"index, follow, max-snippet:-1, max-image-preview:large, max-video-preview:-1\" \/>\n<link rel=\"canonical\" href=\"https:\/\/eu.aimcontrollers.com\/pl\/produkt\/kontroler-outlet-ps5-joker-yellow\/\" \/>\n<meta property=\"og:locale\" content=\"pl_PL\" \/>\n<meta property=\"og:type\" content=\"article\" \/>\n<meta property=\"og:title\" content=\"Kontroler Outlet PS5 Joker Yellow\" \/>\n<meta property=\"og:description\" content=\"Przygotuj si\u0119 na roz\u015bwietlenie swojego \u015bwiata gier dzi\u0119ki spersonalizowanemu kontrolerowi PS5 Joker Yellow Edition od AimControllers. Ten kontroler to genialne rozwi\u0105zanie dla graczy. Wyobra\u017a sobie plamy elektrycznej \u017c\u00f3\u0142ci na tle wyrafinowanej czerni. To ol\u015bniewaj\u0105ce po\u0142\u0105czenie \u017cywego stylu i ponadczasowo\u015bci. Ten projekt to przyci\u0105gaj\u0105ca wzrok symfonia szyku i zabawy. To najlepsze akcesorium dla gracza, kt\u00f3ry jest r\u00f3wnie stylowy, co zr\u0119czny. Podnie\u015b poziom swojej gry, wyr\u00f3\u017cnij si\u0119 i niech Joker Yellow b\u0119dzie symbolem Twoich wirtualnych triumf\u00f3w!\" \/>\n<meta property=\"og:url\" content=\"https:\/\/eu.aimcontrollers.com\/pl\/produkt\/kontroler-outlet-ps5-joker-yellow\/\" \/>\n<meta property=\"og:site_name\" content=\"Aimcontrollers\" \/>\n<meta property=\"article:publisher\" content=\"http:\/\/www.facebook.com\/aimcontrollers\" \/>\n<meta property=\"article:modified_time\" content=\"2025-11-20T13:32:58+00:00\" \/>\n<meta property=\"og:image\" content=\"https:\/\/eu.aimcontrollers.com\/wp-content\/uploads\/2023\/12\/BASIC_JOKER_YELLOW_4_OUTLET.png\" \/>\n\t<meta property=\"og:image:width\" content=\"1000\" \/>\n\t<meta property=\"og:image:height\" content=\"1000\" \/>\n\t<meta property=\"og:image:type\" content=\"image\/png\" \/>\n<meta name=\"twitter:card\" content=\"summary_large_image\" \/>\n<meta name=\"twitter:site\" content=\"@AimControllerss\" \/>\n<script type=\"application\/ld+json\" class=\"yoast-schema-graph\">{\"@context\":\"https:\\\/\\\/schema.org\",\"@graph\":[{\"@type\":\"WebPage\",\"@id\":\"https:\\\/\\\/eu.aimcontrollers.com\\\/pl\\\/produkt\\\/kontroler-outlet-ps5-joker-yellow\\\/\",\"url\":\"https:\\\/\\\/eu.aimcontrollers.com\\\/pl\\\/produkt\\\/kontroler-outlet-ps5-joker-yellow\\\/\",\"name\":\"Kontroler Outlet PS5 Joker Yellow - Aimcontrollers\",\"isPartOf\":{\"@id\":\"https:\\\/\\\/eu.aimcontrollers.com\\\/pl\\\/#website\"},\"primaryImageOfPage\":{\"@id\":\"https:\\\/\\\/eu.aimcontrollers.com\\\/pl\\\/produkt\\\/kontroler-outlet-ps5-joker-yellow\\\/#primaryimage\"},\"image\":{\"@id\":\"https:\\\/\\\/eu.aimcontrollers.com\\\/pl\\\/produkt\\\/kontroler-outlet-ps5-joker-yellow\\\/#primaryimage\"},\"thumbnailUrl\":\"https:\\\/\\\/eu.aimcontrollers.com\\\/wp-content\\\/uploads\\\/2023\\\/12\\\/BASIC_JOKER_YELLOW_4_OUTLET.png\",\"datePublished\":\"2023-12-13T13:58:37+00:00\",\"dateModified\":\"2025-11-20T13:32:58+00:00\",\"breadcrumb\":{\"@id\":\"https:\\\/\\\/eu.aimcontrollers.com\\\/pl\\\/produkt\\\/kontroler-outlet-ps5-joker-yellow\\\/#breadcrumb\"},\"inLanguage\":\"pl-PL\",\"potentialAction\":[{\"@type\":\"ReadAction\",\"target\":[\"https:\\\/\\\/eu.aimcontrollers.com\\\/pl\\\/produkt\\\/kontroler-outlet-ps5-joker-yellow\\\/\"]}]},{\"@type\":\"ImageObject\",\"inLanguage\":\"pl-PL\",\"@id\":\"https:\\\/\\\/eu.aimcontrollers.com\\\/pl\\\/produkt\\\/kontroler-outlet-ps5-joker-yellow\\\/#primaryimage\",\"url\":\"https:\\\/\\\/eu.aimcontrollers.com\\\/wp-content\\\/uploads\\\/2023\\\/12\\\/BASIC_JOKER_YELLOW_4_OUTLET.png\",\"contentUrl\":\"https:\\\/\\\/eu.aimcontrollers.com\\\/wp-content\\\/uploads\\\/2023\\\/12\\\/BASIC_JOKER_YELLOW_4_OUTLET.png\",\"width\":1000,\"height\":1000},{\"@type\":\"BreadcrumbList\",\"@id\":\"https:\\\/\\\/eu.aimcontrollers.com\\\/pl\\\/produkt\\\/kontroler-outlet-ps5-joker-yellow\\\/#breadcrumb\",\"itemListElement\":[{\"@type\":\"ListItem\",\"position\":1,\"name\":\"Home\",\"item\":\"https:\\\/\\\/eu.aimcontrollers.com\\\/pl\\\/\"},{\"@type\":\"ListItem\",\"position\":2,\"name\":\"Shop\",\"item\":\"https:\\\/\\\/eu.aimcontrollers.com\\\/shop\\\/\"},{\"@type\":\"ListItem\",\"position\":3,\"name\":\"Kontroler Outlet PS5 Joker Yellow\"}]},{\"@type\":\"WebSite\",\"@id\":\"https:\\\/\\\/eu.aimcontrollers.com\\\/pl\\\/#website\",\"url\":\"https:\\\/\\\/eu.aimcontrollers.com\\\/pl\\\/\",\"name\":\"AimControllers - The most affordable competitive controllers for Xbox, PlayStation and PC\",\"description\":\"Jedna z najwi\u0119kszych marek dostarczaj\u0105cych w pe\u0142ni modyfikowalne i oryginalne kontrolery.\",\"publisher\":{\"@id\":\"https:\\\/\\\/eu.aimcontrollers.com\\\/pl\\\/#organization\"},\"potentialAction\":[{\"@type\":\"SearchAction\",\"target\":{\"@type\":\"EntryPoint\",\"urlTemplate\":\"https:\\\/\\\/eu.aimcontrollers.com\\\/pl\\\/?s={search_term_string}\"},\"query-input\":{\"@type\":\"PropertyValueSpecification\",\"valueRequired\":true,\"valueName\":\"search_term_string\"}}],\"inLanguage\":\"pl-PL\"},{\"@type\":\"Organization\",\"@id\":\"https:\\\/\\\/eu.aimcontrollers.com\\\/pl\\\/#organization\",\"name\":\"Aimcontrollers\",\"url\":\"https:\\\/\\\/eu.aimcontrollers.com\\\/pl\\\/\",\"logo\":{\"@type\":\"ImageObject\",\"inLanguage\":\"pl-PL\",\"@id\":\"https:\\\/\\\/eu.aimcontrollers.com\\\/pl\\\/#\\\/schema\\\/logo\\\/image\\\/\",\"url\":\"\",\"contentUrl\":\"\",\"caption\":\"Aimcontrollers\"},\"image\":{\"@id\":\"https:\\\/\\\/eu.aimcontrollers.com\\\/pl\\\/#\\\/schema\\\/logo\\\/image\\\/\"},\"sameAs\":[\"http:\\\/\\\/www.facebook.com\\\/aimcontrollers\",\"https:\\\/\\\/x.com\\\/AimControllerss\",\"https:\\\/\\\/instagram.com\\\/aimcontrollers\\\/\",\"https:\\\/\\\/www.youtube.com\\\/user\\\/aimcontrollerspl\\\/videos\"]}]}<\/script>\n<!-- \/ Yoast SEO Premium plugin. -->","yoast_head_json":{"title":"Kontroler Outlet PS5 Joker Yellow - Aimcontrollers","robots":{"index":"index","follow":"follow","max-snippet":"max-snippet:-1","max-image-preview":"max-image-preview:large","max-video-preview":"max-video-preview:-1"},"canonical":"https:\/\/eu.aimcontrollers.com\/pl\/produkt\/kontroler-outlet-ps5-joker-yellow\/","og_locale":"pl_PL","og_type":"article","og_title":"Kontroler Outlet PS5 Joker Yellow","og_description":"Przygotuj si\u0119 na roz\u015bwietlenie swojego \u015bwiata gier dzi\u0119ki spersonalizowanemu kontrolerowi PS5 Joker Yellow Edition od AimControllers. Ten kontroler to genialne rozwi\u0105zanie dla graczy. Wyobra\u017a sobie plamy elektrycznej \u017c\u00f3\u0142ci na tle wyrafinowanej czerni. To ol\u015bniewaj\u0105ce po\u0142\u0105czenie \u017cywego stylu i ponadczasowo\u015bci. Ten projekt to przyci\u0105gaj\u0105ca wzrok symfonia szyku i zabawy. To najlepsze akcesorium dla gracza, kt\u00f3ry jest r\u00f3wnie stylowy, co zr\u0119czny. Podnie\u015b poziom swojej gry, wyr\u00f3\u017cnij si\u0119 i niech Joker Yellow b\u0119dzie symbolem Twoich wirtualnych triumf\u00f3w!","og_url":"https:\/\/eu.aimcontrollers.com\/pl\/produkt\/kontroler-outlet-ps5-joker-yellow\/","og_site_name":"Aimcontrollers","article_publisher":"http:\/\/www.facebook.com\/aimcontrollers","article_modified_time":"2025-11-20T13:32:58+00:00","og_image":[{"width":1000,"height":1000,"url":"https:\/\/eu.aimcontrollers.com\/wp-content\/uploads\/2023\/12\/BASIC_JOKER_YELLOW_4_OUTLET.png","type":"image\/png"}],"twitter_card":"summary_large_image","twitter_site":"@AimControllerss","schema":{"@context":"https:\/\/schema.org","@graph":[{"@type":"WebPage","@id":"https:\/\/eu.aimcontrollers.com\/pl\/produkt\/kontroler-outlet-ps5-joker-yellow\/","url":"https:\/\/eu.aimcontrollers.com\/pl\/produkt\/kontroler-outlet-ps5-joker-yellow\/","name":"Kontroler Outlet PS5 Joker Yellow - Aimcontrollers","isPartOf":{"@id":"https:\/\/eu.aimcontrollers.com\/pl\/#website"},"primaryImageOfPage":{"@id":"https:\/\/eu.aimcontrollers.com\/pl\/produkt\/kontroler-outlet-ps5-joker-yellow\/#primaryimage"},"image":{"@id":"https:\/\/eu.aimcontrollers.com\/pl\/produkt\/kontroler-outlet-ps5-joker-yellow\/#primaryimage"},"thumbnailUrl":"https:\/\/eu.aimcontrollers.com\/wp-content\/uploads\/2023\/12\/BASIC_JOKER_YELLOW_4_OUTLET.png","datePublished":"2023-12-13T13:58:37+00:00","dateModified":"2025-11-20T13:32:58+00:00","breadcrumb":{"@id":"https:\/\/eu.aimcontrollers.com\/pl\/produkt\/kontroler-outlet-ps5-joker-yellow\/#breadcrumb"},"inLanguage":"pl-PL","potentialAction":[{"@type":"ReadAction","target":["https:\/\/eu.aimcontrollers.com\/pl\/produkt\/kontroler-outlet-ps5-joker-yellow\/"]}]},{"@type":"ImageObject","inLanguage":"pl-PL","@id":"https:\/\/eu.aimcontrollers.com\/pl\/produkt\/kontroler-outlet-ps5-joker-yellow\/#primaryimage","url":"https:\/\/eu.aimcontrollers.com\/wp-content\/uploads\/2023\/12\/BASIC_JOKER_YELLOW_4_OUTLET.png","contentUrl":"https:\/\/eu.aimcontrollers.com\/wp-content\/uploads\/2023\/12\/BASIC_JOKER_YELLOW_4_OUTLET.png","width":1000,"height":1000},{"@type":"BreadcrumbList","@id":"https:\/\/eu.aimcontrollers.com\/pl\/produkt\/kontroler-outlet-ps5-joker-yellow\/#breadcrumb","itemListElement":[{"@type":"ListItem","position":1,"name":"Home","item":"https:\/\/eu.aimcontrollers.com\/pl\/"},{"@type":"ListItem","position":2,"name":"Shop","item":"https:\/\/eu.aimcontrollers.com\/shop\/"},{"@type":"ListItem","position":3,"name":"Kontroler Outlet PS5 Joker Yellow"}]},{"@type":"WebSite","@id":"https:\/\/eu.aimcontrollers.com\/pl\/#website","url":"https:\/\/eu.aimcontrollers.com\/pl\/","name":"AimControllers - The most affordable competitive controllers for Xbox, PlayStation and PC","description":"Jedna z najwi\u0119kszych marek dostarczaj\u0105cych w pe\u0142ni modyfikowalne i oryginalne kontrolery.","publisher":{"@id":"https:\/\/eu.aimcontrollers.com\/pl\/#organization"},"potentialAction":[{"@type":"SearchAction","target":{"@type":"EntryPoint","urlTemplate":"https:\/\/eu.aimcontrollers.com\/pl\/?s={search_term_string}"},"query-input":{"@type":"PropertyValueSpecification","valueRequired":true,"valueName":"search_term_string"}}],"inLanguage":"pl-PL"},{"@type":"Organization","@id":"https:\/\/eu.aimcontrollers.com\/pl\/#organization","name":"Aimcontrollers","url":"https:\/\/eu.aimcontrollers.com\/pl\/","logo":{"@type":"ImageObject","inLanguage":"pl-PL","@id":"https:\/\/eu.aimcontrollers.com\/pl\/#\/schema\/logo\/image\/","url":"","contentUrl":"","caption":"Aimcontrollers"},"image":{"@id":"https:\/\/eu.aimcontrollers.com\/pl\/#\/schema\/logo\/image\/"},"sameAs":["http:\/\/www.facebook.com\/aimcontrollers","https:\/\/x.com\/AimControllerss","https:\/\/instagram.com\/aimcontrollers\/","https:\/\/www.youtube.com\/user\/aimcontrollerspl\/videos"]}]}},"_links":{"self":[{"href":"https:\/\/eu.aimcontrollers.com\/pl\/wp-json\/wp\/v2\/product\/1332049","targetHints":{"allow":["GET"]}}],"collection":[{"href":"https:\/\/eu.aimcontrollers.com\/pl\/wp-json\/wp\/v2\/product"}],"about":[{"href":"https:\/\/eu.aimcontrollers.com\/pl\/wp-json\/wp\/v2\/types\/product"}],"wp:featuredmedia":[{"embeddable":true,"href":"https:\/\/eu.aimcontrollers.com\/pl\/wp-json\/wp\/v2\/media\/1331313"}],"wp:attachment":[{"href":"https:\/\/eu.aimcontrollers.com\/pl\/wp-json\/wp\/v2\/media?parent=1332049"}],"wp:term":[{"taxonomy":"product_brand","embeddable":true,"href":"https:\/\/eu.aimcontrollers.com\/pl\/wp-json\/wp\/v2\/product_brand?post=1332049"},{"taxonomy":"product_cat","embeddable":true,"href":"https:\/\/eu.aimcontrollers.com\/pl\/wp-json\/wp\/v2\/product_cat?post=1332049"},{"taxonomy":"product_tag","embeddable":true,"href":"https:\/\/eu.aimcontrollers.com\/pl\/wp-json\/wp\/v2\/product_tag?post=1332049"},{"taxonomy":"misspellings","embeddable":true,"href":"https:\/\/eu.aimcontrollers.com\/pl\/wp-json\/wp\/v2\/misspellings?post=1332049"}],"curies":[{"name":"wp","href":"https:\/\/api.w.org\/{rel}","templated":true}]}}